{"id":1969,"date":"2021-06-23T10:50:59","date_gmt":"2021-06-23T10:50:59","guid":{"rendered":"https:\/\/tahasservis.com\/?page_id=1969"},"modified":"2021-06-24T08:44:49","modified_gmt":"2021-06-24T08:44:49","slug":"ingersoll-rand","status":"publish","type":"page","link":"https:\/\/tahasservis.com\/en\/markalar\/ingersoll-rand\/","title":{"rendered":"Ingersoll-Rand"},"content":{"rendered":"","protected":false},"excerpt":{"rendered":"","protected":false},"author":3,"featured_media":0,"parent":1965,"menu_order":0,"comment_status":"closed","ping_status":"closed","template":"","meta":{"footnotes":""},"class_list":["post-1969","page","type-page","status-publish","hentry"],"yoast_head":"<!-- This site is optimized with the Yoast SEO Premium plugin v16.1 (Yoast SEO v25.6) - https:\/\/yoast.com\/wordpress\/plugins\/seo\/ -->\n<title>Ingersoll-Rand - Taha\u015f Servis<\/title>\n<meta name=\"robots\" content=\"index, follow, max-snippet:-1, max-image-preview:large, max-video-preview:-1\" \/>\n<link rel=\"canonical\" href=\"http:\/\/tahasservis.com\/en\/markalar\/ingersoll-rand\/\" \/>\n<meta property=\"og:locale\" content=\"en_US\" \/>\n<meta property=\"og:type\" content=\"article\" \/>\n<meta property=\"og:title\" content=\"Ingersoll-Rand - Taha\u015f Servis\" \/>\n<meta property=\"og:url\" content=\"http:\/\/tahasservis.com\/en\/markalar\/ingersoll-rand\/\" \/>\n<meta property=\"og:site_name\" content=\"Taha\u015f Servis\" \/>\n<meta property=\"article:modified_time\" content=\"2021-06-24T08:44:49+00:00\" \/>\n<meta name=\"twitter:card\" content=\"summary_large_image\" \/>\n<script type=\"application\/ld+json\" class=\"yoast-schema-graph\">{\"@context\":\"https:\/\/schema.org\",\"@graph\":[{\"@type\":\"WebPage\",\"@id\":\"http:\/\/tahasservis.com\/markalar\/ingersoll-rand\/\",\"url\":\"http:\/\/tahasservis.com\/markalar\/ingersoll-rand\/\",\"name\":\"Ingersoll-Rand - Taha\u015f Servis\",\"isPartOf\":{\"@id\":\"http:\/\/tahasservis.com\/#website\"},\"datePublished\":\"2021-06-23T10:50:59+00:00\",\"dateModified\":\"2021-06-24T08:44:49+00:00\",\"breadcrumb\":{\"@id\":\"http:\/\/tahasservis.com\/markalar\/ingersoll-rand\/#breadcrumb\"},\"inLanguage\":\"en-US\",\"potentialAction\":[{\"@type\":\"ReadAction\",\"target\":[\"http:\/\/tahasservis.com\/markalar\/ingersoll-rand\/\"]}]},{\"@type\":\"BreadcrumbList\",\"@id\":\"http:\/\/tahasservis.com\/markalar\/ingersoll-rand\/#breadcrumb\",\"itemListElement\":[{\"@type\":\"ListItem\",\"position\":1,\"name\":\"Home\",\"item\":\"https:\/\/tahasservis.com\/\"},{\"@type\":\"ListItem\",\"position\":2,\"name\":\"Markalar\",\"item\":\"http:\/\/tahasservis.com\/markalar\/\"},{\"@type\":\"ListItem\",\"position\":3,\"name\":\"Ingersoll-Rand\"}]},{\"@type\":\"WebSite\",\"@id\":\"http:\/\/tahasservis.com\/#website\",\"url\":\"http:\/\/tahasservis.com\/\",\"name\":\"Taha\u015f Servis\",\"description\":\"Taha\u015f Tazyikli Hava Servisi A.\u015e\",\"publisher\":{\"@id\":\"http:\/\/tahasservis.com\/#organization\"},\"potentialAction\":[{\"@type\":\"SearchAction\",\"target\":{\"@type\":\"EntryPoint\",\"urlTemplate\":\"http:\/\/tahasservis.com\/?s={search_term_string}\"},\"query-input\":{\"@type\":\"PropertyValueSpecification\",\"valueRequired\":true,\"valueName\":\"search_term_string\"}}],\"inLanguage\":\"en-US\"},{\"@type\":\"Organization\",\"@id\":\"http:\/\/tahasservis.com\/#organization\",\"name\":\"TAHA\u015e SERV\u0130S\",\"url\":\"http:\/\/tahasservis.com\/\",\"logo\":{\"@type\":\"ImageObject\",\"inLanguage\":\"en-US\",\"@id\":\"http:\/\/tahasservis.com\/#\/schema\/logo\/image\/\",\"url\":\"https:\/\/tahasservis.com\/wp-content\/uploads\/2020\/12\/cropped-Tahas_Logo.png\",\"contentUrl\":\"https:\/\/tahasservis.com\/wp-content\/uploads\/2020\/12\/cropped-Tahas_Logo.png\",\"width\":512,\"height\":512,\"caption\":\"TAHA\u015e SERV\u0130S\"},\"image\":{\"@id\":\"http:\/\/tahasservis.com\/#\/schema\/logo\/image\/\"}}]}<\/script>\n<!-- \/ Yoast SEO Premium plugin. -->","yoast_head_json":{"title":"Ingersoll-Rand - Taha\u015f Servis","robots":{"index":"index","follow":"follow","max-snippet":"max-snippet:-1","max-image-preview":"max-image-preview:large","max-video-preview":"max-video-preview:-1"},"canonical":"http:\/\/tahasservis.com\/en\/markalar\/ingersoll-rand\/","og_locale":"en_US","og_type":"article","og_title":"Ingersoll-Rand - Taha\u015f Servis","og_url":"http:\/\/tahasservis.com\/en\/markalar\/ingersoll-rand\/","og_site_name":"Taha\u015f Servis","article_modified_time":"2021-06-24T08:44:49+00:00","twitter_card":"summary_large_image","schema":{"@context":"https:\/\/schema.org","@graph":[{"@type":"WebPage","@id":"http:\/\/tahasservis.com\/markalar\/ingersoll-rand\/","url":"http:\/\/tahasservis.com\/markalar\/ingersoll-rand\/","name":"Ingersoll-Rand - Taha\u015f Servis","isPartOf":{"@id":"http:\/\/tahasservis.com\/#website"},"datePublished":"2021-06-23T10:50:59+00:00","dateModified":"2021-06-24T08:44:49+00:00","breadcrumb":{"@id":"http:\/\/tahasservis.com\/markalar\/ingersoll-rand\/#breadcrumb"},"inLanguage":"en-US","potentialAction":[{"@type":"ReadAction","target":["http:\/\/tahasservis.com\/markalar\/ingersoll-rand\/"]}]},{"@type":"BreadcrumbList","@id":"http:\/\/tahasservis.com\/markalar\/ingersoll-rand\/#breadcrumb","itemListElement":[{"@type":"ListItem","position":1,"name":"Home","item":"https:\/\/tahasservis.com\/"},{"@type":"ListItem","position":2,"name":"Markalar","item":"http:\/\/tahasservis.com\/markalar\/"},{"@type":"ListItem","position":3,"name":"Ingersoll-Rand"}]},{"@type":"WebSite","@id":"http:\/\/tahasservis.com\/#website","url":"http:\/\/tahasservis.com\/","name":"Taha\u015f Servis","description":"Taha\u015f Tazyikli Hava Servisi A.\u015e","publisher":{"@id":"http:\/\/tahasservis.com\/#organization"},"potentialAction":[{"@type":"SearchAction","target":{"@type":"EntryPoint","urlTemplate":"http:\/\/tahasservis.com\/?s={search_term_string}"},"query-input":{"@type":"PropertyValueSpecification","valueRequired":true,"valueName":"search_term_string"}}],"inLanguage":"en-US"},{"@type":"Organization","@id":"http:\/\/tahasservis.com\/#organization","name":"TAHA\u015e SERV\u0130S","url":"http:\/\/tahasservis.com\/","logo":{"@type":"ImageObject","inLanguage":"en-US","@id":"http:\/\/tahasservis.com\/#\/schema\/logo\/image\/","url":"https:\/\/tahasservis.com\/wp-content\/uploads\/2020\/12\/cropped-Tahas_Logo.png","contentUrl":"https:\/\/tahasservis.com\/wp-content\/uploads\/2020\/12\/cropped-Tahas_Logo.png","width":512,"height":512,"caption":"TAHA\u015e SERV\u0130S"},"image":{"@id":"http:\/\/tahasservis.com\/#\/schema\/logo\/image\/"}}]}},"_links":{"self":[{"href":"https:\/\/tahasservis.com\/en\/wp-json\/wp\/v2\/pages\/1969","targetHints":{"allow":["GET"]}}],"collection":[{"href":"https:\/\/tahasservis.com\/en\/wp-json\/wp\/v2\/pages"}],"about":[{"href":"https:\/\/tahasservis.com\/en\/wp-json\/wp\/v2\/types\/page"}],"author":[{"embeddable":true,"href":"https:\/\/tahasservis.com\/en\/wp-json\/wp\/v2\/users\/3"}],"replies":[{"embeddable":true,"href":"https:\/\/tahasservis.com\/en\/wp-json\/wp\/v2\/comments?post=1969"}],"version-history":[{"count":0,"href":"https:\/\/tahasservis.com\/en\/wp-json\/wp\/v2\/pages\/1969\/revisions"}],"up":[{"embeddable":true,"href":"https:\/\/tahasservis.com\/en\/wp-json\/wp\/v2\/pages\/1965"}],"wp:attachment":[{"href":"https:\/\/tahasservis.com\/en\/wp-json\/wp\/v2\/media?parent=1969"}],"curies":[{"name":"wp","href":"https:\/\/api.w.org\/{rel}","templated":true}]}}