{"id":2092,"date":"2021-08-24T14:01:18","date_gmt":"2021-08-24T14:01:18","guid":{"rendered":"https:\/\/tahasservis.com\/?page_id=2092"},"modified":"2024-05-16T13:19:23","modified_gmt":"2024-05-16T13:19:23","slug":"atolyeler","status":"publish","type":"page","link":"https:\/\/tahasservis.com\/en\/atolyeler\/","title":{"rendered":"At\u00f6lyelerimiz"},"content":{"rendered":"<div data-elementor-type=\"wp-post\" data-elementor-id=\"2092\" class=\"elementor elementor-2092\" data-elementor-settings=\"[]\">\n\t\t\t\t\t\t<div class=\"elementor-inner\">\n\t\t\t\t\t\t\t<div class=\"elementor-section-wrap\">\n\t\t\t\t\t\t\t<section class=\"elementor-section elementor-top-section elementor-element elementor-element-2a71dca elementor-section-height-min-height elementor-section-boxed elementor-section-height-default elementor-section-items-middle\" data-id=\"2a71dca\" data-element_type=\"section\">\n\t\t\t\t\t\t<div class=\"elementor-container elementor-column-gap-default\">\n\t\t\t\t\t\t\t<div class=\"elementor-row\">\n\t\t\t\t\t<div class=\"elementor-column elementor-col-100 elementor-top-column elementor-element elementor-element-a90337e\" data-id=\"a90337e\" data-element_type=\"column\">\n\t\t\t<div class=\"elementor-column-wrap elementor-element-populated\">\n\t\t\t\t\t\t\t<div class=\"elementor-widget-wrap\">\n\t\t\t\t\t\t<div class=\"elementor-element elementor-element-25014cd elementor-widget elementor-widget-contact-info\" data-id=\"25014cd\" data-element_type=\"widget\" id=\"airtec-card\" data-widget_type=\"contact-info.default\">\n\t\t\t\t<div class=\"elementor-widget-container\">\n\t\t\t\t\t<div class=\"contact-info\">\n\t\t\t<div class=\"contact-info-inner\">\n\t\t\t\t\t\t\t\t\t<!-- TITLE START-->\n\t\t\t\t\t<div class=\"section-head left wt-small-separator-outer\">\n\t\t\t\t\t\t<div class=\"wt-small-separator site-text-primary\">\n\t\t\t\t\t\t\t<div class=\"sep-leaf-left\"><\/div>\n\t\t\t\t\t\t\t<div>Seyrantepe<\/div>\n\t\t\t\t\t\t\t<div class=\"sep-leaf-right\"><\/div>\n\t\t\t\t\t\t<\/div>\n\t\t\t\t\t\t<h2>Taha\u015f Servis<\/h2>\n\t\t\t\t\t<\/div>                                                                                           \n\t\t\t\t\t<!-- TITLE END-->\t\n\t\t\t\t\t\t\t\t\t \n\n\t\t\t\t<div class=\"contact-info-section\" style=\"background-image:url(https:\/\/tahasservis.com\/wp-content\/themes\/industroz\/assets\/images\/bg-map2.png);\">  \n\t\t\t\t\t\t\t\t\t\t\t<div class=\"wt-icon-box-wraper left\">\n\n\t\t\t\t\t\t\t<div class=\"icon-content\">\n\t\t\t\t\t\t\t\t<h3 class=\"m-t0 text-white\">Adres:<\/h3>\n\t\t\t\t\t\t\t\t<p>Huzur Mah. Barbaros Cad. 54 Oto San. Sit. Sar\u0131yer\/\u0130stanbul<\/p>\t\t\t\t\t\t\t<\/div>\n\t\t\t\t\t\t<\/div>\n\t\t\t\t\t\t\t\t\t\t<\/div>\n\t\t\t<\/div>\n\t\t<\/div>\n\t\t\t\t<\/div>\n\t\t\t\t<\/div>\n\t\t\t\t\t\t<\/div>\n\t\t\t\t\t<\/div>\n\t\t<\/div>\n\t\t\t\t\t\t\t\t<\/div>\n\t\t\t\t\t<\/div>\n\t\t<\/section>\n\t\t\t\t<section class=\"elementor-section elementor-top-section elementor-element elementor-element-1c727c4 elementor-section-height-min-height elementor-section-boxed elementor-section-height-default elementor-section-items-middle\" data-id=\"1c727c4\" data-element_type=\"section\">\n\t\t\t\t\t\t<div class=\"elementor-container elementor-column-gap-default\">\n\t\t\t\t\t\t\t<div class=\"elementor-row\">\n\t\t\t\t\t<div class=\"elementor-column elementor-col-100 elementor-top-column elementor-element elementor-element-97c01c6\" data-id=\"97c01c6\" data-element_type=\"column\">\n\t\t\t<div class=\"elementor-column-wrap elementor-element-populated\">\n\t\t\t\t\t\t\t<div class=\"elementor-widget-wrap\">\n\t\t\t\t\t\t<div class=\"elementor-element elementor-element-def2a8a elementor-widget elementor-widget-contact-info\" data-id=\"def2a8a\" data-element_type=\"widget\" data-widget_type=\"contact-info.default\">\n\t\t\t\t<div class=\"elementor-widget-container\">\n\t\t\t\t\t<div class=\"contact-info\">\n\t\t\t<div class=\"contact-info-inner\">\n\t\t\t\t\t\t\t\t\t<!-- TITLE START-->\n\t\t\t\t\t<div class=\"section-head left wt-small-separator-outer\">\n\t\t\t\t\t\t<div class=\"wt-small-separator site-text-primary\">\n\t\t\t\t\t\t\t<div class=\"sep-leaf-left\"><\/div>\n\t\t\t\t\t\t\t<div>Gebze<\/div>\n\t\t\t\t\t\t\t<div class=\"sep-leaf-right\"><\/div>\n\t\t\t\t\t\t<\/div>\n\t\t\t\t\t\t<h2>Taha\u015f Servis At\u00f6lye<\/h2>\n\t\t\t\t\t<\/div>                                                                                           \n\t\t\t\t\t<!-- TITLE END-->\t\n\t\t\t\t\t\t\t\t\t \n\n\t\t\t\t<div class=\"contact-info-section\" style=\"background-image:url(https:\/\/tahasservis.com\/wp-content\/themes\/industroz\/assets\/images\/bg-map2.png);\">  \n\t\t\t\t\t\t\t\t\t\t\t<div class=\"wt-icon-box-wraper left\">\n\n\t\t\t\t\t\t\t<div class=\"icon-content\">\n\t\t\t\t\t\t\t\t<h3 class=\"m-t0 text-white\">Adres:<\/h3>\n\t\t\t\t\t\t\t\t<p>Bal\u00e7\u0131k Mah. 3222 Sk. No:39\/A Gebze\/Kocaeli<\/p>\t\t\t\t\t\t\t<\/div>\n\t\t\t\t\t\t<\/div>\n\t\t\t\t\t\t\t\t\t\t<\/div>\n\t\t\t<\/div>\n\t\t<\/div>\n\t\t\t\t<\/div>\n\t\t\t\t<\/div>\n\t\t\t\t\t\t<\/div>\n\t\t\t\t\t<\/div>\n\t\t<\/div>\n\t\t\t\t\t\t\t\t<\/div>\n\t\t\t\t\t<\/div>\n\t\t<\/section>\n\t\t\t\t<section class=\"elementor-section elementor-top-section elementor-element elementor-element-c392dbe elementor-hidden-desktop elementor-hidden-tablet elementor-hidden-phone elementor-section-boxed elementor-section-height-default elementor-section-height-default\" data-id=\"c392dbe\" data-element_type=\"section\">\n\t\t\t\t\t\t<div class=\"elementor-container elementor-column-gap-default\">\n\t\t\t\t\t\t\t<div class=\"elementor-row\">\n\t\t\t\t\t<div class=\"elementor-column elementor-col-100 elementor-top-column elementor-element elementor-element-3ef0238\" data-id=\"3ef0238\" data-element_type=\"column\">\n\t\t\t<div class=\"elementor-column-wrap elementor-element-populated\">\n\t\t\t\t\t\t\t<div class=\"elementor-widget-wrap\">\n\t\t\t\t\t\t<div class=\"elementor-element elementor-element-149355d elementor-widget elementor-widget-shortcode\" data-id=\"149355d\" data-element_type=\"widget\" data-widget_type=\"shortcode.default\">\n\t\t\t\t<div class=\"elementor-widget-container\">\n\t\t\t\t\t<div class=\"elementor-shortcode\">\n<div class=\"wpcf7 no-js\" id=\"wpcf7-f2091-o1\" lang=\"en-US\" dir=\"ltr\" data-wpcf7-id=\"2091\">\n<div class=\"screen-reader-response\"><p role=\"status\" aria-live=\"polite\" aria-atomic=\"true\"><\/p> <ul><\/ul><\/div>\n<form action=\"\/en\/wp-json\/wp\/v2\/pages\/2092#wpcf7-f2091-o1\" method=\"post\" class=\"wpcf7-form init\" aria-label=\"Contact form\" novalidate=\"novalidate\" data-status=\"init\" data-trp-original-action=\"\/en\/wp-json\/wp\/v2\/pages\/2092#wpcf7-f2091-o1\">\n<fieldset class=\"hidden-fields-container\"><input type=\"hidden\" name=\"_wpcf7\" value=\"2091\" \/><input type=\"hidden\" name=\"_wpcf7_version\" value=\"6.1.5\" \/><input type=\"hidden\" name=\"_wpcf7_locale\" value=\"en_US\" \/><input type=\"hidden\" name=\"_wpcf7_unit_tag\" value=\"wpcf7-f2091-o1\" \/><input type=\"hidden\" name=\"_wpcf7_container_post\" value=\"0\" \/><input type=\"hidden\" name=\"_wpcf7_posted_data_hash\" value=\"\" \/>\n<\/fieldset>\n<div class=\"cons-contact-form-new\">\n\t<div class=\"section-head center wt-small-separator-outer text-center\">\n\t\t<div class=\"wt-small-separator site-text-primary\">\n\t\t\t<div class=\"sep-leaf-left\">\n\t\t\t<\/div>\n\t\t\t<div>\n\t\t\t\t<p>Would you like to be our dealer?\n\t\t\t\t<\/p>\n\t\t\t<\/div>\n\t\t\t<div class=\"sep-leaf-right\">\n\t\t\t<\/div>\n\t\t<\/div>\n\t\t<h2>Dealership Application Form\n\t\t<\/h2>\n\t<\/div>\n\t<div class=\"row\">\n\t\t<div class=\"col-md-6 col-sm-6\">\n\t\t\t<div class=\"form-group\">\n\t\t\t\t<p><input name=\"firma_adi\" type=\"text\" required=\"\" class=\"form-control\" placeholder=\"Enter your company name\" \/>\n\t\t\t\t<\/p>\n\t\t\t<\/div>\n\t\t<\/div>\n\t\t<div class=\"col-md-6 col-sm-6\">\n\t\t\t<div class=\"form-group\">\n\t\t\t\t<p><input name=\"sehir\" type=\"text\" class=\"form-control\" required=\"\" placeholder=\"Enter the city where dealership is desired\" \/>\n\t\t\t\t<\/p>\n\t\t\t<\/div>\n\t\t<\/div>\n\t\t<div class=\"col-md-6 col-sm-6\">\n\t\t\t<div class=\"form-group\">\n\t\t\t\t<p><input name=\"telefon\" type=\"text\" class=\"form-control\" required=\"\" placeholder=\"Enter your contact number\" \/>\n\t\t\t\t<\/p>\n\t\t\t<\/div>\n\t\t<\/div>\n\t\t<div class=\"col-md-6 col-sm-6\">\n\t\t\t<div class=\"form-group\">\n\t\t\t\t<p><input name=\"email\" type=\"email\" class=\"form-control\" required=\"\" placeholder=\"Enter your e-mail address\" \/>\n\t\t\t\t<\/p>\n\t\t\t<\/div>\n\t\t<\/div>\n\t\t<div class=\"col-md-6\">\n\t\t\t<div class=\"form-group\">\n\t\t\t\t<p><textarea name=\"message\" class=\"form-control\" rows=\"1\" placeholder=\"Enter the relevant person information\"><\/textarea>\n\t\t\t\t<\/p>\n\t\t\t<\/div>\n\t\t<\/div>\n\t\t<div class=\"col-md-6\">\n\t\t\t<div class=\"form-group\">\n\t\t\t\t<p><textarea name=\"work_detail\" class=\"form-control\" rows=\"1\" placeholder=\"Enter your current job\"><\/textarea>\n\t\t\t\t<\/p>\n\t\t\t<\/div>\n\t\t<\/div>\n\t\t<div class=\"col-md-12\">\n\t\t\t<p><button type=\"submit\" class=\"site-button site-btn-effect\">Send<\/button>\n\t\t\t<\/p>\n\t\t<\/div>\n\t<\/div>\n<\/div><div class=\"wpcf7-response-output\" aria-hidden=\"true\"><\/div>\n<input type=\"hidden\" name=\"trp-form-language\" value=\"en\"\/><\/form>\n<\/div>\n<\/div>\n\t\t\t\t<\/div>\n\t\t\t\t<\/div>\n\t\t\t\t\t\t<\/div>\n\t\t\t\t\t<\/div>\n\t\t<\/div>\n\t\t\t\t\t\t\t\t<\/div>\n\t\t\t\t\t<\/div>\n\t\t<\/section>\n\t\t\t\t\t\t<\/div>\n\t\t\t\t\t\t<\/div>\n\t\t\t\t\t<\/div>","protected":false},"excerpt":{"rendered":"<p>Seyrantepe Taha\u015f Servis Adres: Huzur Mah. Barbaros Cad. 54 Oto San. Sit. Sar\u0131yer\/\u0130stanbul Gebze Taha\u015f Servis At\u00f6lye Adres: Bal\u00e7\u0131k Mah. 3222 Sk. No:39\/A Gebze\/Kocaeli<\/p>","protected":false},"author":3,"featured_media":0,"parent":0,"menu_order":0,"comment_status":"closed","ping_status":"closed","template":"","meta":{"footnotes":""},"class_list":["post-2092","page","type-page","status-publish","hentry"],"yoast_head":"<!-- This site is optimized with the Yoast SEO Premium plugin v16.1 (Yoast SEO v25.6) - https:\/\/yoast.com\/wordpress\/plugins\/seo\/ -->\n<title>At\u00f6lyelerimiz - Taha\u015f Servis<\/title>\n<meta name=\"robots\" content=\"index, follow, max-snippet:-1, max-image-preview:large, max-video-preview:-1\" \/>\n<link rel=\"canonical\" href=\"http:\/\/tahasservis.com\/en\/atolyeler\/\" \/>\n<meta property=\"og:locale\" content=\"en_US\" \/>\n<meta property=\"og:type\" content=\"article\" \/>\n<meta property=\"og:title\" content=\"At\u00f6lyelerimiz - Taha\u015f Servis\" \/>\n<meta property=\"og:description\" content=\"Seyrantepe Taha\u015f Servis Adres: Huzur Mah. Barbaros Cad. 54 Oto San. Sit. Sar\u0131yer\/\u0130stanbul Gebze Taha\u015f Servis At\u00f6lye Adres: Bal\u00e7\u0131k Mah. 3222 Sk. No:39\/A Gebze\/Kocaeli\" \/>\n<meta property=\"og:url\" content=\"http:\/\/tahasservis.com\/en\/atolyeler\/\" \/>\n<meta property=\"og:site_name\" content=\"Taha\u015f Servis\" \/>\n<meta property=\"article:modified_time\" content=\"2024-05-16T13:19:23+00:00\" \/>\n<meta name=\"twitter:card\" content=\"summary_large_image\" \/>\n<meta name=\"twitter:label1\" content=\"Est. reading time\" \/>\n\t<meta name=\"twitter:data1\" content=\"1 minute\" \/>\n<script type=\"application\/ld+json\" class=\"yoast-schema-graph\">{\"@context\":\"https:\/\/schema.org\",\"@graph\":[{\"@type\":\"WebPage\",\"@id\":\"http:\/\/tahasservis.com\/atolyeler\/\",\"url\":\"http:\/\/tahasservis.com\/atolyeler\/\",\"name\":\"At\u00f6lyelerimiz - Taha\u015f Servis\",\"isPartOf\":{\"@id\":\"http:\/\/tahasservis.com\/#website\"},\"datePublished\":\"2021-08-24T14:01:18+00:00\",\"dateModified\":\"2024-05-16T13:19:23+00:00\",\"breadcrumb\":{\"@id\":\"http:\/\/tahasservis.com\/atolyeler\/#breadcrumb\"},\"inLanguage\":\"en-US\",\"potentialAction\":[{\"@type\":\"ReadAction\",\"target\":[\"http:\/\/tahasservis.com\/atolyeler\/\"]}]},{\"@type\":\"BreadcrumbList\",\"@id\":\"http:\/\/tahasservis.com\/atolyeler\/#breadcrumb\",\"itemListElement\":[{\"@type\":\"ListItem\",\"position\":1,\"name\":\"Home\",\"item\":\"http:\/\/tahasservis.com\/\"},{\"@type\":\"ListItem\",\"position\":2,\"name\":\"At\u00f6lyelerimiz\"}]},{\"@type\":\"WebSite\",\"@id\":\"http:\/\/tahasservis.com\/#website\",\"url\":\"http:\/\/tahasservis.com\/\",\"name\":\"Taha\u015f Servis\",\"description\":\"Taha\u015f Tazyikli Hava Servisi A.\u015e\",\"publisher\":{\"@id\":\"http:\/\/tahasservis.com\/#organization\"},\"potentialAction\":[{\"@type\":\"SearchAction\",\"target\":{\"@type\":\"EntryPoint\",\"urlTemplate\":\"http:\/\/tahasservis.com\/?s={search_term_string}\"},\"query-input\":{\"@type\":\"PropertyValueSpecification\",\"valueRequired\":true,\"valueName\":\"search_term_string\"}}],\"inLanguage\":\"en-US\"},{\"@type\":\"Organization\",\"@id\":\"http:\/\/tahasservis.com\/#organization\",\"name\":\"TAHA\u015e SERV\u0130S\",\"url\":\"http:\/\/tahasservis.com\/\",\"logo\":{\"@type\":\"ImageObject\",\"inLanguage\":\"en-US\",\"@id\":\"http:\/\/tahasservis.com\/#\/schema\/logo\/image\/\",\"url\":\"https:\/\/tahasservis.com\/wp-content\/uploads\/2020\/12\/cropped-Tahas_Logo.png\",\"contentUrl\":\"https:\/\/tahasservis.com\/wp-content\/uploads\/2020\/12\/cropped-Tahas_Logo.png\",\"width\":512,\"height\":512,\"caption\":\"TAHA\u015e SERV\u0130S\"},\"image\":{\"@id\":\"http:\/\/tahasservis.com\/#\/schema\/logo\/image\/\"}}]}<\/script>\n<!-- \/ Yoast SEO Premium plugin. -->","yoast_head_json":{"title":"At\u00f6lyelerimiz - Taha\u015f Servis","robots":{"index":"index","follow":"follow","max-snippet":"max-snippet:-1","max-image-preview":"max-image-preview:large","max-video-preview":"max-video-preview:-1"},"canonical":"http:\/\/tahasservis.com\/en\/atolyeler\/","og_locale":"en_US","og_type":"article","og_title":"At\u00f6lyelerimiz - Taha\u015f Servis","og_description":"Seyrantepe Taha\u015f Servis Adres: Huzur Mah. Barbaros Cad. 54 Oto San. Sit. Sar\u0131yer\/\u0130stanbul Gebze Taha\u015f Servis At\u00f6lye Adres: Bal\u00e7\u0131k Mah. 3222 Sk. No:39\/A Gebze\/Kocaeli","og_url":"http:\/\/tahasservis.com\/en\/atolyeler\/","og_site_name":"Taha\u015f Servis","article_modified_time":"2024-05-16T13:19:23+00:00","twitter_card":"summary_large_image","twitter_misc":{"Est. reading time":"1 minute"},"schema":{"@context":"https:\/\/schema.org","@graph":[{"@type":"WebPage","@id":"http:\/\/tahasservis.com\/atolyeler\/","url":"http:\/\/tahasservis.com\/atolyeler\/","name":"At\u00f6lyelerimiz - Taha\u015f Servis","isPartOf":{"@id":"http:\/\/tahasservis.com\/#website"},"datePublished":"2021-08-24T14:01:18+00:00","dateModified":"2024-05-16T13:19:23+00:00","breadcrumb":{"@id":"http:\/\/tahasservis.com\/atolyeler\/#breadcrumb"},"inLanguage":"en-US","potentialAction":[{"@type":"ReadAction","target":["http:\/\/tahasservis.com\/atolyeler\/"]}]},{"@type":"BreadcrumbList","@id":"http:\/\/tahasservis.com\/atolyeler\/#breadcrumb","itemListElement":[{"@type":"ListItem","position":1,"name":"Home","item":"http:\/\/tahasservis.com\/"},{"@type":"ListItem","position":2,"name":"At\u00f6lyelerimiz"}]},{"@type":"WebSite","@id":"http:\/\/tahasservis.com\/#website","url":"http:\/\/tahasservis.com\/","name":"Taha\u015f Servis","description":"Taha\u015f Tazyikli Hava Servisi A.\u015e","publisher":{"@id":"http:\/\/tahasservis.com\/#organization"},"potentialAction":[{"@type":"SearchAction","target":{"@type":"EntryPoint","urlTemplate":"http:\/\/tahasservis.com\/?s={search_term_string}"},"query-input":{"@type":"PropertyValueSpecification","valueRequired":true,"valueName":"search_term_string"}}],"inLanguage":"en-US"},{"@type":"Organization","@id":"http:\/\/tahasservis.com\/#organization","name":"TAHA\u015e SERV\u0130S","url":"http:\/\/tahasservis.com\/","logo":{"@type":"ImageObject","inLanguage":"en-US","@id":"http:\/\/tahasservis.com\/#\/schema\/logo\/image\/","url":"https:\/\/tahasservis.com\/wp-content\/uploads\/2020\/12\/cropped-Tahas_Logo.png","contentUrl":"https:\/\/tahasservis.com\/wp-content\/uploads\/2020\/12\/cropped-Tahas_Logo.png","width":512,"height":512,"caption":"TAHA\u015e SERV\u0130S"},"image":{"@id":"http:\/\/tahasservis.com\/#\/schema\/logo\/image\/"}}]}},"_links":{"self":[{"href":"https:\/\/tahasservis.com\/en\/wp-json\/wp\/v2\/pages\/2092","targetHints":{"allow":["GET"]}}],"collection":[{"href":"https:\/\/tahasservis.com\/en\/wp-json\/wp\/v2\/pages"}],"about":[{"href":"https:\/\/tahasservis.com\/en\/wp-json\/wp\/v2\/types\/page"}],"author":[{"embeddable":true,"href":"https:\/\/tahasservis.com\/en\/wp-json\/wp\/v2\/users\/3"}],"replies":[{"embeddable":true,"href":"https:\/\/tahasservis.com\/en\/wp-json\/wp\/v2\/comments?post=2092"}],"version-history":[{"count":0,"href":"https:\/\/tahasservis.com\/en\/wp-json\/wp\/v2\/pages\/2092\/revisions"}],"wp:attachment":[{"href":"https:\/\/tahasservis.com\/en\/wp-json\/wp\/v2\/media?parent=2092"}],"curies":[{"name":"wp","href":"https:\/\/api.w.org\/{rel}","templated":true}]}}