{"id":2326,"date":"2022-02-16T12:05:43","date_gmt":"2022-02-16T12:05:43","guid":{"rendered":"https:\/\/tahasservis.com\/?page_id=2326"},"modified":"2022-03-21T12:34:40","modified_gmt":"2022-03-21T12:34:40","slug":"bakim-ve-servis","status":"publish","type":"page","link":"https:\/\/tahasservis.com\/en\/bakim-ve-servis\/","title":{"rendered":"Bak\u0131m ve Servis"},"content":{"rendered":"<h2>Kompres\u00f6r Servisi<\/h2>\n<p>Taha\u015f olarak, i\u015fletmenizin verimli \u00e7al\u0131\u015fmas\u0131 i\u00e7in 1974\u2019den beri kompres\u00f6r bak\u0131m, onar\u0131m ve servis hizmeti veriyoruz. Kompres\u00f6r ve ekipmanlar\u0131n\u0131z\u0131n ihtiyac\u0131 olan bak\u0131m\u0131, marka ve modeline g\u00f6re, profesyonelce ve h\u0131zl\u0131ca sa\u011fl\u0131yor, b\u00f6ylelikle \u00fcretim kay\u0131plar\u0131n\u0131z\u0131n \u00f6n\u00fcne ge\u00e7meyi hedefliyoruz. Ayr\u0131ca, bas\u0131n\u00e7l\u0131 hava sisteminizi, enerji tasarrufu yenilik\u00e7i \u00e7\u00f6z\u00fcmler ile yeniden yap\u0131land\u0131r\u0131yor, maliyetlerinizi d\u00fc\u015f\u00fcrmenize yard\u0131mc\u0131 oluyoruz.<\/p>\n<p>Kompres\u00f6r bak\u0131m s\u00fcrecinde \u015fayet de\u011fi\u015fmesi gereken par\u00e7alar varsa, orijinal yedek par\u00e7alar\u0131 ile 7\/24 de\u011fi\u015ftirebilecek deste\u011fi sunuyoruz. Ayr\u0131ca zamanlama olarak revizyona girmesi gereken kompres\u00f6rleriniz varsa, bu s\u00fcre\u00e7 boyunca ikame kompres\u00f6r deste\u011fi veriyor, \u00fcretiminizi aksatmadan bak\u0131m s\u00fcrecinin ge\u00e7irilmesini sa\u011fl\u0131yoruz.<\/p>\n<p>Kompres\u00f6r bak\u0131m\u0131 ve onar\u0131m\u0131 konusunda tecr\u00fcbeli hava m\u00fchendislerinden olu\u015fan ekibimizin m\u00fc\u015fteri memnuniyeti odakl\u0131 hizmet anlay\u0131\u015f\u0131 ile uygun maliyetli ve kaliteli servis sa\u011fl\u0131yoruz. B\u00f6ylelikle ekipmanlar\u0131n\u0131z\u0131n \u00f6mr\u00fcn\u00fc uzat\u0131yor, daha g\u00fcvenli ve ekonomik olarak \u00fcretiminizi ger\u00e7ekle\u015ftirmeniz i\u00e7in destek veriyoruz. Sizde \u015fayet kompres\u00f6r tamir ve bak\u0131m\u0131n\u0131n, do\u011fru zamanlama, profesyonel ekip ve orjinal par\u00e7alarla de\u011fi\u015fim yap\u0131lmas\u0131n\u0131 istiyorsan\u0131z, bizimle ileti\u015fime ge\u00e7ebilirsiniz.<\/p>\n<h2>Kompres\u00f6r Bak\u0131m\u0131 Ka\u00e7 Ayda Bir Yap\u0131l\u0131r?<\/h2>\n<p>Kompres\u00f6r bak\u0131m\u0131, i\u015fletmenizin verimli ve enerji tasarruflu \u00e7al\u0131\u015fabilmesi i\u00e7in olduk\u00e7a \u00f6nemlidir. \u00dcreticinin belirledi\u011fi periyotlarda d\u00fczenli olarak yap\u0131lmas\u0131 gereken bu bak\u0131mlar ayr\u0131ca, \u0130\u015f sa\u011fl\u0131\u011f\u0131 ve G\u00fcvenli\u011fi Mevzuat\u0131 6331 say\u0131l\u0131 kanun, \u201cBas\u0131n\u00e7l\u0131 Hava Tanklar\u0131\u201d alt ba\u015fl\u0131\u011f\u0131 ile baz\u0131 \u015fartlara ba\u011flanm\u0131\u015ft\u0131r. Bu \u015fartlara g\u00f6re sabit veya seyyar kompres\u00f6r hava tanklar\u0131 ile bas\u0131n\u00e7l\u0131 hava i\u00e7eren t\u00fcm kap ve bunlara ait sabit ekipmanlar\u0131n, belirlenen aral\u0131klarda kontrol edilmesi zorunludur.<\/p>\n<p>Kurulum, bak\u0131m ve onar\u0131m kurallar\u0131n\u0131 belli bir h\u00fckme ba\u011flayan bu kanunda, makine ve ekipmanlar\u0131n\u0131n g\u00fcnl\u00fck, haftal\u0131k, ayl\u0131k, \u00fc\u00e7 ayl\u0131k, alt\u0131 ayl\u0131k veya benzeri periyotlarla bak\u0131m\u0131n\u0131n yap\u0131lmas\u0131 gerekir. Belirlenen standartlarda, imalat\u00e7\u0131n\u0131n belirledi\u011fi \u015fekilde ve yetkili bir servis taraf\u0131ndan yap\u0131lmas\u0131 gereken bu kompres\u00f6r bak\u0131m ve kontrolleri ise d\u00fczenli olarak kayda al\u0131nmal\u0131d\u0131r. Al\u0131nan bu kay\u0131tlar, ilgili kurum ve yetkili \u015fah\u0131slar\u0131n kontrolleri esnas\u0131nda istendi\u011fi takdirde g\u00f6sterilmesi zorunludur.<\/p>\n<p>Kompres\u00f6r ve ekipmanlar\u0131n\u0131n periyodik bak\u0131mlar\u0131n\u0131n ise uzman bir kompres\u00f6r bak\u0131m servisi taraf\u0131ndan yap\u0131lmas\u0131 olduk\u00e7a \u00f6nemlidir. \u00c7\u00fcnk\u00fc \u00e7al\u0131\u015fma s\u00fcresine g\u00f6re de\u011fi\u015febilecek bu bak\u0131m periyotlar\u0131n\u0131n profesyonel bir servis taraf\u0131ndan yap\u0131lmas\u0131, olas\u0131 ar\u0131za ve i\u015f g\u00fcvenlili\u011fi tehditlerinin ortadan kald\u0131r\u0131lmas\u0131nda de\u011feri b\u00fcy\u00fckt\u00fcr. Aksi takdirde cana ve mala m\u00e2l olabilecek istenmeyen sonu\u00e7lar do\u011furabilir.<\/p>","protected":false},"excerpt":{"rendered":"<p>Kompres\u00f6r Servisi Taha\u015f olarak, i\u015fletmenizin verimli \u00e7al\u0131\u015fmas\u0131 i\u00e7in 1974\u2019den beri kompres\u00f6r bak\u0131m, onar\u0131m ve servis hizmeti veriyoruz. Kompres\u00f6r ve ekipmanlar\u0131n\u0131z\u0131n ihtiyac\u0131 olan bak\u0131m\u0131, marka ve modeline g\u00f6re, profesyonelce ve h\u0131zl\u0131ca sa\u011fl\u0131yor, b\u00f6ylelikle \u00fcretim kay\u0131plar\u0131n\u0131z\u0131n \u00f6n\u00fcne ge\u00e7meyi hedefliyoruz. Ayr\u0131ca, bas\u0131n\u00e7l\u0131 hava sisteminizi, enerji tasarrufu yenilik\u00e7i \u00e7\u00f6z\u00fcmler ile yeniden yap\u0131land\u0131r\u0131yor, maliyetlerinizi d\u00fc\u015f\u00fcrmenize yard\u0131mc\u0131 oluyoruz. Kompres\u00f6r bak\u0131m s\u00fcrecinde [&hellip;]<\/p>","protected":false},"author":3,"featured_media":0,"parent":0,"menu_order":0,"comment_status":"closed","ping_status":"closed","template":"","meta":{"footnotes":""},"class_list":["post-2326","page","type-page","status-publish","hentry"],"yoast_head":"<!-- This site is optimized with the Yoast SEO Premium plugin v16.1 (Yoast SEO v25.6) - https:\/\/yoast.com\/wordpress\/plugins\/seo\/ -->\n<title>Bak\u0131m ve Servis - Taha\u015f Servis<\/title>\n<meta name=\"robots\" content=\"index, follow, max-snippet:-1, max-image-preview:large, max-video-preview:-1\" \/>\n<link rel=\"canonical\" href=\"https:\/\/tahasservis.com\/en\/bakim-ve-servis\/\" \/>\n<meta property=\"og:locale\" content=\"en_US\" \/>\n<meta property=\"og:type\" content=\"article\" \/>\n<meta property=\"og:title\" content=\"Bak\u0131m ve Servis - Taha\u015f Servis\" \/>\n<meta property=\"og:description\" content=\"Kompres\u00f6r Servisi Taha\u015f olarak, i\u015fletmenizin verimli \u00e7al\u0131\u015fmas\u0131 i\u00e7in 1974\u2019den beri kompres\u00f6r bak\u0131m, onar\u0131m ve servis hizmeti veriyoruz. Kompres\u00f6r ve ekipmanlar\u0131n\u0131z\u0131n ihtiyac\u0131 olan bak\u0131m\u0131, marka ve modeline g\u00f6re, profesyonelce ve h\u0131zl\u0131ca sa\u011fl\u0131yor, b\u00f6ylelikle \u00fcretim kay\u0131plar\u0131n\u0131z\u0131n \u00f6n\u00fcne ge\u00e7meyi hedefliyoruz. Ayr\u0131ca, bas\u0131n\u00e7l\u0131 hava sisteminizi, enerji tasarrufu yenilik\u00e7i \u00e7\u00f6z\u00fcmler ile yeniden yap\u0131land\u0131r\u0131yor, maliyetlerinizi d\u00fc\u015f\u00fcrmenize yard\u0131mc\u0131 oluyoruz. Kompres\u00f6r bak\u0131m s\u00fcrecinde [&hellip;]\" \/>\n<meta property=\"og:url\" content=\"https:\/\/tahasservis.com\/en\/bakim-ve-servis\/\" \/>\n<meta property=\"og:site_name\" content=\"Taha\u015f Servis\" \/>\n<meta property=\"article:modified_time\" content=\"2022-03-21T12:34:40+00:00\" \/>\n<meta name=\"twitter:card\" content=\"summary_large_image\" \/>\n<meta name=\"twitter:label1\" content=\"Est. reading time\" \/>\n\t<meta name=\"twitter:data1\" content=\"3 minutes\" \/>\n<script type=\"application\/ld+json\" class=\"yoast-schema-graph\">{\"@context\":\"https:\/\/schema.org\",\"@graph\":[{\"@type\":\"WebPage\",\"@id\":\"https:\/\/tahasservis.com\/bakim-ve-servis\/\",\"url\":\"https:\/\/tahasservis.com\/bakim-ve-servis\/\",\"name\":\"Bak\u0131m ve Servis - Taha\u015f Servis\",\"isPartOf\":{\"@id\":\"http:\/\/tahasservis.com\/#website\"},\"datePublished\":\"2022-02-16T12:05:43+00:00\",\"dateModified\":\"2022-03-21T12:34:40+00:00\",\"breadcrumb\":{\"@id\":\"https:\/\/tahasservis.com\/bakim-ve-servis\/#breadcrumb\"},\"inLanguage\":\"en-US\",\"potentialAction\":[{\"@type\":\"ReadAction\",\"target\":[\"https:\/\/tahasservis.com\/bakim-ve-servis\/\"]}]},{\"@type\":\"BreadcrumbList\",\"@id\":\"https:\/\/tahasservis.com\/bakim-ve-servis\/#breadcrumb\",\"itemListElement\":[{\"@type\":\"ListItem\",\"position\":1,\"name\":\"Home\",\"item\":\"http:\/\/tahasservis.com\/\"},{\"@type\":\"ListItem\",\"position\":2,\"name\":\"Bak\u0131m ve Servis\"}]},{\"@type\":\"WebSite\",\"@id\":\"http:\/\/tahasservis.com\/#website\",\"url\":\"http:\/\/tahasservis.com\/\",\"name\":\"Taha\u015f Servis\",\"description\":\"Taha\u015f Tazyikli Hava Servisi A.\u015e\",\"publisher\":{\"@id\":\"http:\/\/tahasservis.com\/#organization\"},\"potentialAction\":[{\"@type\":\"SearchAction\",\"target\":{\"@type\":\"EntryPoint\",\"urlTemplate\":\"http:\/\/tahasservis.com\/?s={search_term_string}\"},\"query-input\":{\"@type\":\"PropertyValueSpecification\",\"valueRequired\":true,\"valueName\":\"search_term_string\"}}],\"inLanguage\":\"en-US\"},{\"@type\":\"Organization\",\"@id\":\"http:\/\/tahasservis.com\/#organization\",\"name\":\"TAHA\u015e SERV\u0130S\",\"url\":\"http:\/\/tahasservis.com\/\",\"logo\":{\"@type\":\"ImageObject\",\"inLanguage\":\"en-US\",\"@id\":\"http:\/\/tahasservis.com\/#\/schema\/logo\/image\/\",\"url\":\"https:\/\/tahasservis.com\/wp-content\/uploads\/2020\/12\/cropped-Tahas_Logo.png\",\"contentUrl\":\"https:\/\/tahasservis.com\/wp-content\/uploads\/2020\/12\/cropped-Tahas_Logo.png\",\"width\":512,\"height\":512,\"caption\":\"TAHA\u015e SERV\u0130S\"},\"image\":{\"@id\":\"http:\/\/tahasservis.com\/#\/schema\/logo\/image\/\"}}]}<\/script>\n<!-- \/ Yoast SEO Premium plugin. -->","yoast_head_json":{"title":"Bak\u0131m ve Servis - Taha\u015f Servis","robots":{"index":"index","follow":"follow","max-snippet":"max-snippet:-1","max-image-preview":"max-image-preview:large","max-video-preview":"max-video-preview:-1"},"canonical":"https:\/\/tahasservis.com\/en\/bakim-ve-servis\/","og_locale":"en_US","og_type":"article","og_title":"Bak\u0131m ve Servis - Taha\u015f Servis","og_description":"Kompres\u00f6r Servisi Taha\u015f olarak, i\u015fletmenizin verimli \u00e7al\u0131\u015fmas\u0131 i\u00e7in 1974\u2019den beri kompres\u00f6r bak\u0131m, onar\u0131m ve servis hizmeti veriyoruz. Kompres\u00f6r ve ekipmanlar\u0131n\u0131z\u0131n ihtiyac\u0131 olan bak\u0131m\u0131, marka ve modeline g\u00f6re, profesyonelce ve h\u0131zl\u0131ca sa\u011fl\u0131yor, b\u00f6ylelikle \u00fcretim kay\u0131plar\u0131n\u0131z\u0131n \u00f6n\u00fcne ge\u00e7meyi hedefliyoruz. Ayr\u0131ca, bas\u0131n\u00e7l\u0131 hava sisteminizi, enerji tasarrufu yenilik\u00e7i \u00e7\u00f6z\u00fcmler ile yeniden yap\u0131land\u0131r\u0131yor, maliyetlerinizi d\u00fc\u015f\u00fcrmenize yard\u0131mc\u0131 oluyoruz. Kompres\u00f6r bak\u0131m s\u00fcrecinde [&hellip;]","og_url":"https:\/\/tahasservis.com\/en\/bakim-ve-servis\/","og_site_name":"Taha\u015f Servis","article_modified_time":"2022-03-21T12:34:40+00:00","twitter_card":"summary_large_image","twitter_misc":{"Est. reading time":"3 minutes"},"schema":{"@context":"https:\/\/schema.org","@graph":[{"@type":"WebPage","@id":"https:\/\/tahasservis.com\/bakim-ve-servis\/","url":"https:\/\/tahasservis.com\/bakim-ve-servis\/","name":"Bak\u0131m ve Servis - Taha\u015f Servis","isPartOf":{"@id":"http:\/\/tahasservis.com\/#website"},"datePublished":"2022-02-16T12:05:43+00:00","dateModified":"2022-03-21T12:34:40+00:00","breadcrumb":{"@id":"https:\/\/tahasservis.com\/bakim-ve-servis\/#breadcrumb"},"inLanguage":"en-US","potentialAction":[{"@type":"ReadAction","target":["https:\/\/tahasservis.com\/bakim-ve-servis\/"]}]},{"@type":"BreadcrumbList","@id":"https:\/\/tahasservis.com\/bakim-ve-servis\/#breadcrumb","itemListElement":[{"@type":"ListItem","position":1,"name":"Home","item":"http:\/\/tahasservis.com\/"},{"@type":"ListItem","position":2,"name":"Bak\u0131m ve Servis"}]},{"@type":"WebSite","@id":"http:\/\/tahasservis.com\/#website","url":"http:\/\/tahasservis.com\/","name":"Taha\u015f Servis","description":"Taha\u015f Tazyikli Hava Servisi A.\u015e","publisher":{"@id":"http:\/\/tahasservis.com\/#organization"},"potentialAction":[{"@type":"SearchAction","target":{"@type":"EntryPoint","urlTemplate":"http:\/\/tahasservis.com\/?s={search_term_string}"},"query-input":{"@type":"PropertyValueSpecification","valueRequired":true,"valueName":"search_term_string"}}],"inLanguage":"en-US"},{"@type":"Organization","@id":"http:\/\/tahasservis.com\/#organization","name":"TAHA\u015e SERV\u0130S","url":"http:\/\/tahasservis.com\/","logo":{"@type":"ImageObject","inLanguage":"en-US","@id":"http:\/\/tahasservis.com\/#\/schema\/logo\/image\/","url":"https:\/\/tahasservis.com\/wp-content\/uploads\/2020\/12\/cropped-Tahas_Logo.png","contentUrl":"https:\/\/tahasservis.com\/wp-content\/uploads\/2020\/12\/cropped-Tahas_Logo.png","width":512,"height":512,"caption":"TAHA\u015e SERV\u0130S"},"image":{"@id":"http:\/\/tahasservis.com\/#\/schema\/logo\/image\/"}}]}},"_links":{"self":[{"href":"https:\/\/tahasservis.com\/en\/wp-json\/wp\/v2\/pages\/2326","targetHints":{"allow":["GET"]}}],"collection":[{"href":"https:\/\/tahasservis.com\/en\/wp-json\/wp\/v2\/pages"}],"about":[{"href":"https:\/\/tahasservis.com\/en\/wp-json\/wp\/v2\/types\/page"}],"author":[{"embeddable":true,"href":"https:\/\/tahasservis.com\/en\/wp-json\/wp\/v2\/users\/3"}],"replies":[{"embeddable":true,"href":"https:\/\/tahasservis.com\/en\/wp-json\/wp\/v2\/comments?post=2326"}],"version-history":[{"count":0,"href":"https:\/\/tahasservis.com\/en\/wp-json\/wp\/v2\/pages\/2326\/revisions"}],"wp:attachment":[{"href":"https:\/\/tahasservis.com\/en\/wp-json\/wp\/v2\/media?parent=2326"}],"curies":[{"name":"wp","href":"https:\/\/api.w.org\/{rel}","templated":true}]}}