{"id":2495,"date":"2022-05-28T14:59:37","date_gmt":"2022-05-28T14:59:37","guid":{"rendered":"https:\/\/tahasservis.com\/?page_id=2495"},"modified":"2022-10-20T14:45:06","modified_gmt":"2022-10-20T14:45:06","slug":"boya-tabancalari","status":"publish","type":"page","link":"https:\/\/tahasservis.com\/en\/boya-tabancalari\/","title":{"rendered":"Boya Tabancalar\u0131"},"content":{"rendered":"<div data-elementor-type=\"wp-page\" data-elementor-id=\"2495\" class=\"elementor elementor-2495\" data-elementor-settings=\"[]\">\n\t\t\t\t\t\t<div class=\"elementor-inner\">\n\t\t\t\t\t\t\t<div class=\"elementor-section-wrap\">\n\t\t\t\t\t\t\t<section class=\"elementor-section elementor-top-section elementor-element elementor-element-1ca9625 elementor-section-boxed elementor-section-height-default elementor-section-height-default\" data-id=\"1ca9625\" data-element_type=\"section\">\n\t\t\t\t\t\t<div class=\"elementor-container elementor-column-gap-default\">\n\t\t\t\t\t\t\t<div class=\"elementor-row\">\n\t\t\t\t\t<div class=\"elementor-column elementor-col-100 elementor-top-column elementor-element elementor-element-fb13061\" data-id=\"fb13061\" data-element_type=\"column\">\n\t\t\t<div class=\"elementor-column-wrap elementor-element-populated\">\n\t\t\t\t\t\t\t<div class=\"elementor-widget-wrap\">\n\t\t\t\t\t\t<div class=\"elementor-element elementor-element-83879e5 elementor-widget elementor-widget-heading\" data-id=\"83879e5\" data-element_type=\"widget\" data-widget_type=\"heading.default\">\n\t\t\t\t<div class=\"elementor-widget-container\">\n\t\t\t<h2 class=\"elementor-heading-title elementor-size-default\">Boya Tabancalar\u0131 Markalar\u0131m\u0131z<\/h2>\t\t<\/div>\n\t\t\t\t<\/div>\n\t\t\t\t\t\t<\/div>\n\t\t\t\t\t<\/div>\n\t\t<\/div>\n\t\t\t\t\t\t\t\t<\/div>\n\t\t\t\t\t<\/div>\n\t\t<\/section>\n\t\t\t\t<section class=\"elementor-section elementor-top-section elementor-element elementor-element-4850c0a elementor-section-boxed elementor-section-height-default elementor-section-height-default\" data-id=\"4850c0a\" data-element_type=\"section\">\n\t\t\t\t\t\t<div class=\"elementor-container elementor-column-gap-default\">\n\t\t\t\t\t\t\t<div class=\"elementor-row\">\n\t\t\t\t\t<div class=\"elementor-column elementor-col-33 elementor-top-column elementor-element elementor-element-c062a71\" data-id=\"c062a71\" data-element_type=\"column\">\n\t\t\t<div class=\"elementor-column-wrap elementor-element-populated\">\n\t\t\t\t\t\t\t<div class=\"elementor-widget-wrap\">\n\t\t\t\t\t\t<div class=\"elementor-element elementor-element-65c342a elementor-widget elementor-widget-image\" data-id=\"65c342a\" data-element_type=\"widget\" data-widget_type=\"image.default\">\n\t\t\t\t<div class=\"elementor-widget-container\">\n\t\t\t\t\t<div class=\"elementor-image\">\n\t\t\t\t\t\t\t\t\t\t<img loading=\"lazy\" decoding=\"async\" width=\"400\" height=\"112\" src=\"https:\/\/tahasservis.com\/wp-content\/uploads\/2022\/06\/Binks-logo.png\" class=\"attachment-large size-large\" alt=\"\" srcset=\"https:\/\/tahasservis.com\/wp-content\/uploads\/2022\/06\/Binks-logo.png 400w, https:\/\/tahasservis.com\/wp-content\/uploads\/2022\/06\/Binks-logo-300x84.png 300w, https:\/\/tahasservis.com\/wp-content\/uploads\/2022\/06\/Binks-logo-18x5.png 18w\" sizes=\"auto, (max-width: 400px) 100vw, 400px\" \/>\t\t\t\t\t\t\t\t\t\t\t<\/div>\n\t\t\t\t<\/div>\n\t\t\t\t<\/div>\n\t\t\t\t\t\t<\/div>\n\t\t\t\t\t<\/div>\n\t\t<\/div>\n\t\t\t\t<div class=\"elementor-column elementor-col-33 elementor-top-column elementor-element elementor-element-0811c30\" data-id=\"0811c30\" data-element_type=\"column\">\n\t\t\t<div class=\"elementor-column-wrap elementor-element-populated\">\n\t\t\t\t\t\t\t<div class=\"elementor-widget-wrap\">\n\t\t\t\t\t\t<div class=\"elementor-element elementor-element-6f3a6e6 elementor-widget elementor-widget-image\" data-id=\"6f3a6e6\" data-element_type=\"widget\" data-widget_type=\"image.default\">\n\t\t\t\t<div class=\"elementor-widget-container\">\n\t\t\t\t\t<div class=\"elementor-image\">\n\t\t\t\t\t\t\t\t\t\t<img loading=\"lazy\" decoding=\"async\" width=\"580\" height=\"93\" src=\"https:\/\/tahasservis.com\/wp-content\/uploads\/2022\/06\/Carlisle_Logo-1024x164.png\" class=\"attachment-large size-large\" alt=\"\" srcset=\"https:\/\/tahasservis.com\/wp-content\/uploads\/2022\/06\/Carlisle_Logo-1024x164.png 1024w, https:\/\/tahasservis.com\/wp-content\/uploads\/2022\/06\/Carlisle_Logo-300x48.png 300w, https:\/\/tahasservis.com\/wp-content\/uploads\/2022\/06\/Carlisle_Logo-768x123.png 768w, https:\/\/tahasservis.com\/wp-content\/uploads\/2022\/06\/Carlisle_Logo-1536x246.png 1536w, https:\/\/tahasservis.com\/wp-content\/uploads\/2022\/06\/Carlisle_Logo-2048x328.png 2048w, https:\/\/tahasservis.com\/wp-content\/uploads\/2022\/06\/Carlisle_Logo-18x3.png 18w, https:\/\/tahasservis.com\/wp-content\/uploads\/2022\/06\/Carlisle_Logo-1200x192.png 1200w\" sizes=\"auto, (max-width: 580px) 100vw, 580px\" \/>\t\t\t\t\t\t\t\t\t\t\t<\/div>\n\t\t\t\t<\/div>\n\t\t\t\t<\/div>\n\t\t\t\t\t\t<\/div>\n\t\t\t\t\t<\/div>\n\t\t<\/div>\n\t\t\t\t<div class=\"elementor-column elementor-col-33 elementor-top-column elementor-element elementor-element-3d7771e\" data-id=\"3d7771e\" data-element_type=\"column\">\n\t\t\t<div class=\"elementor-column-wrap elementor-element-populated\">\n\t\t\t\t\t\t\t<div class=\"elementor-widget-wrap\">\n\t\t\t\t\t\t<div class=\"elementor-element elementor-element-d13795b elementor-widget elementor-widget-image\" data-id=\"d13795b\" data-element_type=\"widget\" data-widget_type=\"image.default\">\n\t\t\t\t<div class=\"elementor-widget-container\">\n\t\t\t\t\t<div class=\"elementor-image\">\n\t\t\t\t\t\t\t\t\t\t<img loading=\"lazy\" decoding=\"async\" width=\"333\" height=\"112\" src=\"https:\/\/tahasservis.com\/wp-content\/uploads\/2022\/06\/DeVilbiss-Automotive-Refinishing-logo-no-strap.png\" class=\"attachment-large size-large\" alt=\"\" srcset=\"https:\/\/tahasservis.com\/wp-content\/uploads\/2022\/06\/DeVilbiss-Automotive-Refinishing-logo-no-strap.png 333w, https:\/\/tahasservis.com\/wp-content\/uploads\/2022\/06\/DeVilbiss-Automotive-Refinishing-logo-no-strap-300x101.png 300w, https:\/\/tahasservis.com\/wp-content\/uploads\/2022\/06\/DeVilbiss-Automotive-Refinishing-logo-no-strap-18x6.png 18w\" sizes=\"auto, (max-width: 333px) 100vw, 333px\" \/>\t\t\t\t\t\t\t\t\t\t\t<\/div>\n\t\t\t\t<\/div>\n\t\t\t\t<\/div>\n\t\t\t\t\t\t<\/div>\n\t\t\t\t\t<\/div>\n\t\t<\/div>\n\t\t\t\t\t\t\t\t<\/div>\n\t\t\t\t\t<\/div>\n\t\t<\/section>\n\t\t\t\t<section class=\"elementor-section elementor-top-section elementor-element elementor-element-6d8014c elementor-section-boxed elementor-section-height-default elementor-section-height-default\" data-id=\"6d8014c\" data-element_type=\"section\">\n\t\t\t\t\t\t<div class=\"elementor-container elementor-column-gap-default\">\n\t\t\t\t\t\t\t<div class=\"elementor-row\">\n\t\t\t\t\t<div class=\"elementor-column elementor-col-100 elementor-top-column elementor-element elementor-element-5324cfc\" data-id=\"5324cfc\" data-element_type=\"column\">\n\t\t\t<div class=\"elementor-column-wrap elementor-element-populated\">\n\t\t\t\t\t\t\t<div class=\"elementor-widget-wrap\">\n\t\t\t\t\t\t<div class=\"elementor-element elementor-element-9754376 elementor-widget elementor-widget-heading\" data-id=\"9754376\" data-element_type=\"widget\" data-widget_type=\"heading.default\">\n\t\t\t\t<div class=\"elementor-widget-container\">\n\t\t\t<h2 class=\"elementor-heading-title elementor-size-default\">Otomatik Boya Tabancalar\u0131<\/h2>\t\t<\/div>\n\t\t\t\t<\/div>\n\t\t\t\t<div class=\"elementor-element elementor-element-9b9c4d4 elementor-widget elementor-widget-image\" data-id=\"9b9c4d4\" data-element_type=\"widget\" data-widget_type=\"image.default\">\n\t\t\t\t<div class=\"elementor-widget-container\">\n\t\t\t\t\t<div class=\"elementor-image\">\n\t\t\t\t\t\t\t\t\t\t<img loading=\"lazy\" decoding=\"async\" width=\"1310\" height=\"305\" src=\"https:\/\/tahasservis.com\/wp-content\/uploads\/2022\/05\/otomatik-boya-tabancalari.png\" class=\"attachment-1536x1536 size-1536x1536\" alt=\"\" srcset=\"https:\/\/tahasservis.com\/wp-content\/uploads\/2022\/05\/otomatik-boya-tabancalari.png 1310w, https:\/\/tahasservis.com\/wp-content\/uploads\/2022\/05\/otomatik-boya-tabancalari-300x70.png 300w, https:\/\/tahasservis.com\/wp-content\/uploads\/2022\/05\/otomatik-boya-tabancalari-1024x238.png 1024w, https:\/\/tahasservis.com\/wp-content\/uploads\/2022\/05\/otomatik-boya-tabancalari-768x179.png 768w, https:\/\/tahasservis.com\/wp-content\/uploads\/2022\/05\/otomatik-boya-tabancalari-18x4.png 18w, https:\/\/tahasservis.com\/wp-content\/uploads\/2022\/05\/otomatik-boya-tabancalari-1200x279.png 1200w\" sizes=\"auto, (max-width: 1310px) 100vw, 1310px\" \/>\t\t\t\t\t\t\t\t\t\t\t<\/div>\n\t\t\t\t<\/div>\n\t\t\t\t<\/div>\n\t\t\t\t\t\t<\/div>\n\t\t\t\t\t<\/div>\n\t\t<\/div>\n\t\t\t\t\t\t\t\t<\/div>\n\t\t\t\t\t<\/div>\n\t\t<\/section>\n\t\t\t\t<section class=\"elementor-section elementor-top-section elementor-element elementor-element-8e249dc elementor-section-boxed elementor-section-height-default elementor-section-height-default\" data-id=\"8e249dc\" data-element_type=\"section\">\n\t\t\t\t\t\t<div class=\"elementor-container elementor-column-gap-default\">\n\t\t\t\t\t\t\t<div class=\"elementor-row\">\n\t\t\t\t\t<div class=\"elementor-column elementor-col-100 elementor-top-column elementor-element elementor-element-cf8efd4\" data-id=\"cf8efd4\" data-element_type=\"column\">\n\t\t\t<div class=\"elementor-column-wrap elementor-element-populated\">\n\t\t\t\t\t\t\t<div class=\"elementor-widget-wrap\">\n\t\t\t\t\t\t<div class=\"elementor-element elementor-element-e67d37a elementor-widget elementor-widget-heading\" data-id=\"e67d37a\" data-element_type=\"widget\" data-widget_type=\"heading.default\">\n\t\t\t\t<div class=\"elementor-widget-container\">\n\t\t\t<h2 class=\"elementor-heading-title elementor-size-default\">Manuel Boya Tabancalar\u0131<\/h2>\t\t<\/div>\n\t\t\t\t<\/div>\n\t\t\t\t<div class=\"elementor-element elementor-element-2376045 elementor-widget elementor-widget-image\" data-id=\"2376045\" data-element_type=\"widget\" data-widget_type=\"image.default\">\n\t\t\t\t<div class=\"elementor-widget-container\">\n\t\t\t\t\t<div class=\"elementor-image\">\n\t\t\t\t\t\t\t\t\t\t<img loading=\"lazy\" decoding=\"async\" width=\"1255\" height=\"373\" src=\"https:\/\/tahasservis.com\/wp-content\/uploads\/2022\/05\/manuel-boya-tabancasi.png\" class=\"attachment-1536x1536 size-1536x1536\" alt=\"\" srcset=\"https:\/\/tahasservis.com\/wp-content\/uploads\/2022\/05\/manuel-boya-tabancasi.png 1255w, https:\/\/tahasservis.com\/wp-content\/uploads\/2022\/05\/manuel-boya-tabancasi-300x89.png 300w, https:\/\/tahasservis.com\/wp-content\/uploads\/2022\/05\/manuel-boya-tabancasi-1024x304.png 1024w, https:\/\/tahasservis.com\/wp-content\/uploads\/2022\/05\/manuel-boya-tabancasi-768x228.png 768w, https:\/\/tahasservis.com\/wp-content\/uploads\/2022\/05\/manuel-boya-tabancasi-18x5.png 18w, https:\/\/tahasservis.com\/wp-content\/uploads\/2022\/05\/manuel-boya-tabancasi-1200x357.png 1200w\" sizes=\"auto, (max-width: 1255px) 100vw, 1255px\" \/>\t\t\t\t\t\t\t\t\t\t\t<\/div>\n\t\t\t\t<\/div>\n\t\t\t\t<\/div>\n\t\t\t\t\t\t<\/div>\n\t\t\t\t\t<\/div>\n\t\t<\/div>\n\t\t\t\t\t\t\t\t<\/div>\n\t\t\t\t\t<\/div>\n\t\t<\/section>\n\t\t\t\t<section class=\"elementor-section elementor-top-section elementor-element elementor-element-aaacebe elementor-section-boxed elementor-section-height-default elementor-section-height-default\" data-id=\"aaacebe\" data-element_type=\"section\">\n\t\t\t\t\t\t<div class=\"elementor-container elementor-column-gap-default\">\n\t\t\t\t\t\t\t<div class=\"elementor-row\">\n\t\t\t\t\t<div class=\"elementor-column elementor-col-100 elementor-top-column elementor-element elementor-element-e2fa015\" data-id=\"e2fa015\" data-element_type=\"column\">\n\t\t\t<div class=\"elementor-column-wrap elementor-element-populated\">\n\t\t\t\t\t\t\t<div class=\"elementor-widget-wrap\">\n\t\t\t\t\t\t<div class=\"elementor-element elementor-element-deb1ad2 elementor-widget elementor-widget-heading\" data-id=\"deb1ad2\" data-element_type=\"widget\" data-widget_type=\"heading.default\">\n\t\t\t\t<div class=\"elementor-widget-container\">\n\t\t\t<h2 class=\"elementor-heading-title elementor-size-default\">Elektrostatik Boya Tabancalar\u0131<\/h2>\t\t<\/div>\n\t\t\t\t<\/div>\n\t\t\t\t<div class=\"elementor-element elementor-element-a520853 elementor-widget elementor-widget-image\" data-id=\"a520853\" data-element_type=\"widget\" data-widget_type=\"image.default\">\n\t\t\t\t<div class=\"elementor-widget-container\">\n\t\t\t\t\t<div class=\"elementor-image\">\n\t\t\t\t\t\t\t\t\t\t<img loading=\"lazy\" decoding=\"async\" width=\"1194\" height=\"344\" src=\"https:\/\/tahasservis.com\/wp-content\/uploads\/2022\/05\/elektrostatik-boya-tabancalar.png\" class=\"attachment-1536x1536 size-1536x1536\" alt=\"\" srcset=\"https:\/\/tahasservis.com\/wp-content\/uploads\/2022\/05\/elektrostatik-boya-tabancalar.png 1194w, https:\/\/tahasservis.com\/wp-content\/uploads\/2022\/05\/elektrostatik-boya-tabancalar-300x86.png 300w, https:\/\/tahasservis.com\/wp-content\/uploads\/2022\/05\/elektrostatik-boya-tabancalar-1024x295.png 1024w, https:\/\/tahasservis.com\/wp-content\/uploads\/2022\/05\/elektrostatik-boya-tabancalar-768x221.png 768w, https:\/\/tahasservis.com\/wp-content\/uploads\/2022\/05\/elektrostatik-boya-tabancalar-18x5.png 18w\" sizes=\"auto, (max-width: 1194px) 100vw, 1194px\" \/>\t\t\t\t\t\t\t\t\t\t\t<\/div>\n\t\t\t\t<\/div>\n\t\t\t\t<\/div>\n\t\t\t\t\t\t<\/div>\n\t\t\t\t\t<\/div>\n\t\t<\/div>\n\t\t\t\t\t\t\t\t<\/div>\n\t\t\t\t\t<\/div>\n\t\t<\/section>\n\t\t\t\t<section class=\"elementor-section elementor-top-section elementor-element elementor-element-78ad518 elementor-section-boxed elementor-section-height-default elementor-section-height-default\" data-id=\"78ad518\" data-element_type=\"section\">\n\t\t\t\t\t\t<div class=\"elementor-container elementor-column-gap-default\">\n\t\t\t\t\t\t\t<div class=\"elementor-row\">\n\t\t\t\t\t<div class=\"elementor-column elementor-col-50 elementor-top-column elementor-element elementor-element-ed29a01\" data-id=\"ed29a01\" data-element_type=\"column\">\n\t\t\t<div class=\"elementor-column-wrap elementor-element-populated\">\n\t\t\t\t\t\t\t<div class=\"elementor-widget-wrap\">\n\t\t\t\t\t\t<div class=\"elementor-element elementor-element-fa9b20d elementor-widget elementor-widget-heading\" data-id=\"fa9b20d\" data-element_type=\"widget\" data-widget_type=\"heading.default\">\n\t\t\t\t<div class=\"elementor-widget-container\">\n\t\t\t<h2 class=\"elementor-heading-title elementor-size-default\">Carlisle Fluid Technologies Katalog<\/h2>\t\t<\/div>\n\t\t\t\t<\/div>\n\t\t\t\t\t\t<\/div>\n\t\t\t\t\t<\/div>\n\t\t<\/div>\n\t\t\t\t<div class=\"elementor-column elementor-col-50 elementor-top-column elementor-element elementor-element-2a3743f\" data-id=\"2a3743f\" data-element_type=\"column\">\n\t\t\t<div class=\"elementor-column-wrap elementor-element-populated\">\n\t\t\t\t\t\t\t<div class=\"elementor-widget-wrap\">\n\t\t\t\t\t\t<div class=\"elementor-element elementor-element-232f5f8 elementor-align-right elementor-mobile-align-left elementor-widget elementor-widget-button\" data-id=\"232f5f8\" data-element_type=\"widget\" data-widget_type=\"button.default\">\n\t\t\t\t<div class=\"elementor-widget-container\">\n\t\t\t\t\t<div class=\"elementor-button-wrapper\">\n\t\t\t<a href=\"https:\/\/www.tahas.com\/wp-content\/uploads\/2021\/06\/Industrial-EN-EURO-Price-list-2021.pdf\" class=\"elementor-button-link elementor-button elementor-size-lg elementor-animation-grow\" role=\"button\">\n\t\t\t\t\t\t<span class=\"elementor-button-content-wrapper\">\n\t\t\t\t\t\t<span class=\"elementor-button-text\">Katalog<\/span>\n\t\t<\/span>\n\t\t\t\t\t<\/a>\n\t\t<\/div>\n\t\t\t\t<\/div>\n\t\t\t\t<\/div>\n\t\t\t\t\t\t<\/div>\n\t\t\t\t\t<\/div>\n\t\t<\/div>\n\t\t\t\t\t\t\t\t<\/div>\n\t\t\t\t\t<\/div>\n\t\t<\/section>\n\t\t\t\t<section class=\"elementor-section elementor-top-section elementor-element elementor-element-5c86b5c7 elementor-section-content-middle elementor-section-boxed elementor-section-height-default elementor-section-height-default\" data-id=\"5c86b5c7\" data-element_type=\"section\" data-settings=\"{&quot;background_background&quot;:&quot;classic&quot;}\">\n\t\t\t\t\t\t<div class=\"elementor-container elementor-column-gap-no\">\n\t\t\t\t\t\t\t<div class=\"elementor-row\">\n\t\t\t\t\t<div class=\"elementor-column elementor-col-50 elementor-top-column elementor-element elementor-element-502fbb96\" data-id=\"502fbb96\" data-element_type=\"column\">\n\t\t\t<div class=\"elementor-column-wrap elementor-element-populated\">\n\t\t\t\t\t\t\t<div class=\"elementor-widget-wrap\">\n\t\t\t\t\t\t<div class=\"elementor-element elementor-element-4afa4df7 elementor-widget elementor-widget-heading\" data-id=\"4afa4df7\" data-element_type=\"widget\" data-widget_type=\"heading.default\">\n\t\t\t\t<div class=\"elementor-widget-container\">\n\t\t\t<p class=\"elementor-heading-title elementor-size-default\">Boya Tabancalar\u0131 Hakk\u0131nda Detayl\u0131 Bilgi \u0130\u00e7in Bizimle \u0130leti\u015fime Ge\u00e7ebilirsiniz<\/p>\t\t<\/div>\n\t\t\t\t<\/div>\n\t\t\t\t\t\t<\/div>\n\t\t\t\t\t<\/div>\n\t\t<\/div>\n\t\t\t\t<div class=\"elementor-column elementor-col-50 elementor-top-column elementor-element elementor-element-7f2c208a\" data-id=\"7f2c208a\" data-element_type=\"column\">\n\t\t\t<div class=\"elementor-column-wrap elementor-element-populated\">\n\t\t\t\t\t\t\t<div class=\"elementor-widget-wrap\">\n\t\t\t\t\t\t<div class=\"elementor-element elementor-element-17cf4fe1 elementor-align-right elementor-mobile-align-left elementor-widget elementor-widget-button\" data-id=\"17cf4fe1\" data-element_type=\"widget\" data-widget_type=\"button.default\">\n\t\t\t\t<div class=\"elementor-widget-container\">\n\t\t\t\t\t<div class=\"elementor-button-wrapper\">\n\t\t\t<a href=\"https:\/\/tahasservis.com\/en\/iletisim\/\" class=\"elementor-button-link elementor-button elementor-size-lg elementor-animation-grow\" role=\"button\">\n\t\t\t\t\t\t<span class=\"elementor-button-content-wrapper\">\n\t\t\t\t\t\t<span class=\"elementor-button-text\">Contact<\/span>\n\t\t<\/span>\n\t\t\t\t\t<\/a>\n\t\t<\/div>\n\t\t\t\t<\/div>\n\t\t\t\t<\/div>\n\t\t\t\t\t\t<\/div>\n\t\t\t\t\t<\/div>\n\t\t<\/div>\n\t\t\t\t\t\t\t\t<\/div>\n\t\t\t\t\t<\/div>\n\t\t<\/section>\n\t\t\t\t\t\t<\/div>\n\t\t\t\t\t\t<\/div>\n\t\t\t\t\t<\/div>","protected":false},"excerpt":{"rendered":"<p>Boya Tabancalar\u0131 Markalar\u0131m\u0131z Otomatik Boya Tabancalar\u0131 Manuel Boya Tabancalar\u0131 Elektrostatik Boya Tabancalar\u0131 Carlisle Fluid Technologies Katalog Katalog Boya Tabancalar\u0131 Hakk\u0131nda Detayl\u0131 Bilgi \u0130\u00e7in Bizimle \u0130leti\u015fime Ge\u00e7ebilirsiniz \u0130leti\u015fim<\/p>","protected":false},"author":3,"featured_media":0,"parent":0,"menu_order":0,"comment_status":"closed","ping_status":"closed","template":"","meta":{"footnotes":""},"class_list":["post-2495","page","type-page","status-publish","hentry"],"yoast_head":"<!-- This site is optimized with the Yoast SEO Premium plugin v16.1 (Yoast SEO v25.6) - https:\/\/yoast.com\/wordpress\/plugins\/seo\/ -->\n<title>Boya Tabancalar\u0131 - Taha\u015f Servis<\/title>\n<meta name=\"robots\" content=\"index, follow, max-snippet:-1, max-image-preview:large, max-video-preview:-1\" \/>\n<link rel=\"canonical\" href=\"http:\/\/tahasservis.com\/en\/boya-tabancalari\/\" \/>\n<meta property=\"og:locale\" content=\"en_US\" \/>\n<meta property=\"og:type\" content=\"article\" \/>\n<meta property=\"og:title\" content=\"Boya Tabancalar\u0131 - Taha\u015f Servis\" \/>\n<meta property=\"og:description\" content=\"Boya Tabancalar\u0131 Markalar\u0131m\u0131z Otomatik Boya Tabancalar\u0131 Manuel Boya Tabancalar\u0131 Elektrostatik Boya Tabancalar\u0131 Carlisle Fluid Technologies Katalog Katalog Boya Tabancalar\u0131 Hakk\u0131nda Detayl\u0131 Bilgi \u0130\u00e7in Bizimle \u0130leti\u015fime Ge\u00e7ebilirsiniz \u0130leti\u015fim\" \/>\n<meta property=\"og:url\" content=\"http:\/\/tahasservis.com\/en\/boya-tabancalari\/\" \/>\n<meta property=\"og:site_name\" content=\"Taha\u015f Servis\" \/>\n<meta property=\"article:modified_time\" content=\"2022-10-20T14:45:06+00:00\" \/>\n<meta property=\"og:image\" content=\"https:\/\/tahasservis.com\/wp-content\/uploads\/2022\/06\/Binks-logo.png\" \/>\n<meta name=\"twitter:card\" content=\"summary_large_image\" \/>\n<script type=\"application\/ld+json\" class=\"yoast-schema-graph\">{\"@context\":\"https:\/\/schema.org\",\"@graph\":[{\"@type\":\"WebPage\",\"@id\":\"http:\/\/tahasservis.com\/en\/boya-tabancalari\/\",\"url\":\"http:\/\/tahasservis.com\/en\/boya-tabancalari\/\",\"name\":\"Boya Tabancalar\u0131 - Taha\u015f Servis\",\"isPartOf\":{\"@id\":\"http:\/\/tahasservis.com\/#website\"},\"primaryImageOfPage\":{\"@id\":\"http:\/\/tahasservis.com\/en\/boya-tabancalari\/#primaryimage\"},\"image\":{\"@id\":\"http:\/\/tahasservis.com\/en\/boya-tabancalari\/#primaryimage\"},\"thumbnailUrl\":\"https:\/\/tahasservis.com\/wp-content\/uploads\/2022\/06\/Binks-logo.png\",\"datePublished\":\"2022-05-28T14:59:37+00:00\",\"dateModified\":\"2022-10-20T14:45:06+00:00\",\"breadcrumb\":{\"@id\":\"http:\/\/tahasservis.com\/en\/boya-tabancalari\/#breadcrumb\"},\"inLanguage\":\"en-US\",\"potentialAction\":[{\"@type\":\"ReadAction\",\"target\":[\"http:\/\/tahasservis.com\/en\/boya-tabancalari\/\"]}]},{\"@type\":\"ImageObject\",\"inLanguage\":\"en-US\",\"@id\":\"http:\/\/tahasservis.com\/en\/boya-tabancalari\/#primaryimage\",\"url\":\"https:\/\/tahasservis.com\/wp-content\/uploads\/2022\/06\/Binks-logo.png\",\"contentUrl\":\"https:\/\/tahasservis.com\/wp-content\/uploads\/2022\/06\/Binks-logo.png\"},{\"@type\":\"BreadcrumbList\",\"@id\":\"http:\/\/tahasservis.com\/en\/boya-tabancalari\/#breadcrumb\",\"itemListElement\":[{\"@type\":\"ListItem\",\"position\":1,\"name\":\"Home\",\"item\":\"http:\/\/tahasservis.com\/\"},{\"@type\":\"ListItem\",\"position\":2,\"name\":\"Boya Tabancalar\u0131\"}]},{\"@type\":\"WebSite\",\"@id\":\"http:\/\/tahasservis.com\/#website\",\"url\":\"http:\/\/tahasservis.com\/\",\"name\":\"Taha\u015f Servis\",\"description\":\"Taha\u015f Tazyikli Hava Servisi A.\u015e\",\"publisher\":{\"@id\":\"http:\/\/tahasservis.com\/#organization\"},\"potentialAction\":[{\"@type\":\"SearchAction\",\"target\":{\"@type\":\"EntryPoint\",\"urlTemplate\":\"http:\/\/tahasservis.com\/?s={search_term_string}\"},\"query-input\":{\"@type\":\"PropertyValueSpecification\",\"valueRequired\":true,\"valueName\":\"search_term_string\"}}],\"inLanguage\":\"en-US\"},{\"@type\":\"Organization\",\"@id\":\"http:\/\/tahasservis.com\/#organization\",\"name\":\"TAHA\u015e SERV\u0130S\",\"url\":\"http:\/\/tahasservis.com\/\",\"logo\":{\"@type\":\"ImageObject\",\"inLanguage\":\"en-US\",\"@id\":\"http:\/\/tahasservis.com\/#\/schema\/logo\/image\/\",\"url\":\"https:\/\/tahasservis.com\/wp-content\/uploads\/2020\/12\/cropped-Tahas_Logo.png\",\"contentUrl\":\"https:\/\/tahasservis.com\/wp-content\/uploads\/2020\/12\/cropped-Tahas_Logo.png\",\"width\":512,\"height\":512,\"caption\":\"TAHA\u015e SERV\u0130S\"},\"image\":{\"@id\":\"http:\/\/tahasservis.com\/#\/schema\/logo\/image\/\"}}]}<\/script>\n<!-- \/ Yoast SEO Premium plugin. -->","yoast_head_json":{"title":"Boya Tabancalar\u0131 - Taha\u015f Servis","robots":{"index":"index","follow":"follow","max-snippet":"max-snippet:-1","max-image-preview":"max-image-preview:large","max-video-preview":"max-video-preview:-1"},"canonical":"http:\/\/tahasservis.com\/en\/boya-tabancalari\/","og_locale":"en_US","og_type":"article","og_title":"Boya Tabancalar\u0131 - Taha\u015f Servis","og_description":"Boya Tabancalar\u0131 Markalar\u0131m\u0131z Otomatik Boya Tabancalar\u0131 Manuel Boya Tabancalar\u0131 Elektrostatik Boya Tabancalar\u0131 Carlisle Fluid Technologies Katalog Katalog Boya Tabancalar\u0131 Hakk\u0131nda Detayl\u0131 Bilgi \u0130\u00e7in Bizimle \u0130leti\u015fime Ge\u00e7ebilirsiniz \u0130leti\u015fim","og_url":"http:\/\/tahasservis.com\/en\/boya-tabancalari\/","og_site_name":"Taha\u015f Servis","article_modified_time":"2022-10-20T14:45:06+00:00","og_image":[{"url":"https:\/\/tahasservis.com\/wp-content\/uploads\/2022\/06\/Binks-logo.png","type":"","width":"","height":""}],"twitter_card":"summary_large_image","schema":{"@context":"https:\/\/schema.org","@graph":[{"@type":"WebPage","@id":"http:\/\/tahasservis.com\/en\/boya-tabancalari\/","url":"http:\/\/tahasservis.com\/en\/boya-tabancalari\/","name":"Boya Tabancalar\u0131 - Taha\u015f Servis","isPartOf":{"@id":"http:\/\/tahasservis.com\/#website"},"primaryImageOfPage":{"@id":"http:\/\/tahasservis.com\/en\/boya-tabancalari\/#primaryimage"},"image":{"@id":"http:\/\/tahasservis.com\/en\/boya-tabancalari\/#primaryimage"},"thumbnailUrl":"https:\/\/tahasservis.com\/wp-content\/uploads\/2022\/06\/Binks-logo.png","datePublished":"2022-05-28T14:59:37+00:00","dateModified":"2022-10-20T14:45:06+00:00","breadcrumb":{"@id":"http:\/\/tahasservis.com\/en\/boya-tabancalari\/#breadcrumb"},"inLanguage":"en-US","potentialAction":[{"@type":"ReadAction","target":["http:\/\/tahasservis.com\/en\/boya-tabancalari\/"]}]},{"@type":"ImageObject","inLanguage":"en-US","@id":"http:\/\/tahasservis.com\/en\/boya-tabancalari\/#primaryimage","url":"https:\/\/tahasservis.com\/wp-content\/uploads\/2022\/06\/Binks-logo.png","contentUrl":"https:\/\/tahasservis.com\/wp-content\/uploads\/2022\/06\/Binks-logo.png"},{"@type":"BreadcrumbList","@id":"http:\/\/tahasservis.com\/en\/boya-tabancalari\/#breadcrumb","itemListElement":[{"@type":"ListItem","position":1,"name":"Home","item":"http:\/\/tahasservis.com\/"},{"@type":"ListItem","position":2,"name":"Boya Tabancalar\u0131"}]},{"@type":"WebSite","@id":"http:\/\/tahasservis.com\/#website","url":"http:\/\/tahasservis.com\/","name":"Taha\u015f Servis","description":"Taha\u015f Tazyikli Hava Servisi A.\u015e","publisher":{"@id":"http:\/\/tahasservis.com\/#organization"},"potentialAction":[{"@type":"SearchAction","target":{"@type":"EntryPoint","urlTemplate":"http:\/\/tahasservis.com\/?s={search_term_string}"},"query-input":{"@type":"PropertyValueSpecification","valueRequired":true,"valueName":"search_term_string"}}],"inLanguage":"en-US"},{"@type":"Organization","@id":"http:\/\/tahasservis.com\/#organization","name":"TAHA\u015e SERV\u0130S","url":"http:\/\/tahasservis.com\/","logo":{"@type":"ImageObject","inLanguage":"en-US","@id":"http:\/\/tahasservis.com\/#\/schema\/logo\/image\/","url":"https:\/\/tahasservis.com\/wp-content\/uploads\/2020\/12\/cropped-Tahas_Logo.png","contentUrl":"https:\/\/tahasservis.com\/wp-content\/uploads\/2020\/12\/cropped-Tahas_Logo.png","width":512,"height":512,"caption":"TAHA\u015e SERV\u0130S"},"image":{"@id":"http:\/\/tahasservis.com\/#\/schema\/logo\/image\/"}}]}},"_links":{"self":[{"href":"https:\/\/tahasservis.com\/en\/wp-json\/wp\/v2\/pages\/2495","targetHints":{"allow":["GET"]}}],"collection":[{"href":"https:\/\/tahasservis.com\/en\/wp-json\/wp\/v2\/pages"}],"about":[{"href":"https:\/\/tahasservis.com\/en\/wp-json\/wp\/v2\/types\/page"}],"author":[{"embeddable":true,"href":"https:\/\/tahasservis.com\/en\/wp-json\/wp\/v2\/users\/3"}],"replies":[{"embeddable":true,"href":"https:\/\/tahasservis.com\/en\/wp-json\/wp\/v2\/comments?post=2495"}],"version-history":[{"count":0,"href":"https:\/\/tahasservis.com\/en\/wp-json\/wp\/v2\/pages\/2495\/revisions"}],"wp:attachment":[{"href":"https:\/\/tahasservis.com\/en\/wp-json\/wp\/v2\/media?parent=2495"}],"curies":[{"name":"wp","href":"https:\/\/api.w.org\/{rel}","templated":true}]}}